{"id":7584,"date":"2025-09-24T22:43:28","date_gmt":"2025-09-24T20:43:28","guid":{"rendered":"https:\/\/ms-feistritz.ksn.at\/web\/?page_id=7584"},"modified":"2025-09-25T21:03:58","modified_gmt":"2025-09-25T19:03:58","slug":"unsere-website-ist-umgezogen","status":"publish","type":"page","link":"https:\/\/ms-feistritz.ksn.at\/web\/","title":{"rendered":"Unsere Website ist umgezogen&#8230;"},"content":{"rendered":"<p style=\"text-align: center;\">Mit dem Schuljahr 2025\/26 sind alle Informationen \u00fcber unsere Schule unter<\/p>\n<p style=\"text-align: center;\"><a href=\"https:\/\/ms-feistritzdrau.edupage.org\">ms-feistritzdrau.edupage.org<\/a><\/p>\n<p style=\"text-align: center;\">zu finden.<br \/>\n<script>\nsetTimeout(function() {\n  window.location.href = \"https:\/\/ms-feistritzdrau.edupage.org\";\n}, 5000);\n<\/script><\/p>\n<p style=\"text-align: center;\">Sie werden in K\u00fcrze zu unserer neuen Internetpr\u00e4senz umgeleitet.<\/p>\n<p><img loading=\"lazy\" decoding=\"async\" class=\"alignnone size-medium wp-image-7332 aligncenter\" src=\"https:\/\/ms-feistritz.ksn.at\/web\/wp-content\/uploads\/2025\/01\/information-1481584_640-300x300.png\" alt=\"\" width=\"300\" height=\"300\" srcset=\"https:\/\/ms-feistritz.ksn.at\/web\/wp-content\/uploads\/2025\/01\/information-1481584_640-300x300.png 300w, https:\/\/ms-feistritz.ksn.at\/web\/wp-content\/uploads\/2025\/01\/information-1481584_640-100x100.png 100w, https:\/\/ms-feistritz.ksn.at\/web\/wp-content\/uploads\/2025\/01\/information-1481584_640.png 640w\" sizes=\"auto, (max-width: 300px) 100vw, 300px\" \/><\/p>\n","protected":false},"excerpt":{"rendered":"<p>Mit dem Schuljahr 2025\/26 sind alle Informationen \u00fcber unsere Schule unter ms-feistritzdrau.edupage.org zu finden. Sie werden in K\u00fcrze zu unserer neuen Internetpr\u00e4senz umgeleitet.<\/p>\n","protected":false},"author":3,"featured_media":0,"parent":0,"menu_order":0,"comment_status":"closed","ping_status":"closed","template":"","meta":{"footnotes":""},"class_list":["post-7584","page","type-page","status-publish","hentry"],"_links":{"self":[{"href":"https:\/\/ms-feistritz.ksn.at\/web\/wp-json\/wp\/v2\/pages\/7584","targetHints":{"allow":["GET"]}}],"collection":[{"href":"https:\/\/ms-feistritz.ksn.at\/web\/wp-json\/wp\/v2\/pages"}],"about":[{"href":"https:\/\/ms-feistritz.ksn.at\/web\/wp-json\/wp\/v2\/types\/page"}],"author":[{"embeddable":true,"href":"https:\/\/ms-feistritz.ksn.at\/web\/wp-json\/wp\/v2\/users\/3"}],"replies":[{"embeddable":true,"href":"https:\/\/ms-feistritz.ksn.at\/web\/wp-json\/wp\/v2\/comments?post=7584"}],"version-history":[{"count":5,"href":"https:\/\/ms-feistritz.ksn.at\/web\/wp-json\/wp\/v2\/pages\/7584\/revisions"}],"predecessor-version":[{"id":7596,"href":"https:\/\/ms-feistritz.ksn.at\/web\/wp-json\/wp\/v2\/pages\/7584\/revisions\/7596"}],"wp:attachment":[{"href":"https:\/\/ms-feistritz.ksn.at\/web\/wp-json\/wp\/v2\/media?parent=7584"}],"curies":[{"name":"wp","href":"https:\/\/api.w.org\/{rel}","templated":true}]}}